{"id":438,"date":"2025-12-15T17:43:57","date_gmt":"2025-12-15T16:43:57","guid":{"rendered":"https:\/\/pings24.de\/ptm\/?page_id=438"},"modified":"2025-12-15T18:04:29","modified_gmt":"2025-12-15T17:04:29","slug":"weihnachtsmann-wie-das-de","status":"publish","type":"page","link":"https:\/\/pings24.de\/ptm\/weihnachtsmann-wie-das-de\/","title":{"rendered":"Weihnachtsmann? Wie das?"},"content":{"rendered":"<p>Man braucht nur einen Physiker, um die<br \/>\nLegende vom Weihnachtsmanns zu zerst\u00f6ren:<\/p>\n<p>Keine bekannte Art von Rentieren kann fliegen. Zugleich geht man aber davon aus, dass es noch etwa<br \/>\n300.000 Spezies lebender Organismen gibt, die noch darauf warten, klassifiziert zu werden; und obwohl die<br \/>\nmeisten dieser Spezies Insekten oder Keime sind, schlie\u00dft das nicht vollst\u00e4ndig aus, dass es fliegende<br \/>\nRentiere gibt, die dann bisher nur der Weihnachtsmann kennen gelernt h\u00e4tte.<\/p>\n<p>Auf der Erde gibt es knapp zwei Milliarden Kinder (gez\u00e4hlt werden Menschen unter 18). Da der<br \/>\nWeihnachtsmann sich aber nicht um muslimische, hinduistische, j\u00fcdische und buddhistische Kinder zu<br \/>\nk\u00fcmmern scheint, reduziert dies sein Arbeitspensum auf 15% der Gesamtsumme &#8211; also 378 Millionen Kinder,<br \/>\nwenn man dem amerikanischen Population Reference Bureau glauben darf. Bei einer statistisch<br \/>\ndurchschnittlichen Anzahl von 3,5 Kindern pro Haushalt macht das 91,8 Millionen Haushalte. Wir wollen f\u00fcr<br \/>\ndie weiteren Berechnungen einmal annehmen, dass in jedem Haus zumindest ein braves Kind zu finden ist<br \/>\nund dass der Weihnachtsmann eigentlich jedem Kind etwas schenkt, auch wenn es nicht das ganze Jahr \u00fcber<br \/>\nbrav gewesen ist.<\/p>\n<p>Der Weihnachtsmann hat zu Weihnachten 31 Stunden Zeit f\u00fcr seine Arbeit, dank der verschiedenen<br \/>\nZeitzonen und der Erdrotation, wobei wir einfach einmal unterstellen wollen, dass er von Osten nach Westen<br \/>\nreist; zumindest erscheint dies logisch. Davon ausgehend muss der Weihnachtsmann 822,6 H\u00e4user pro<br \/>\nSekunde besuchen. Dadurch erhalten wir nun wiederum die Angabe, dass der Weihnachtsmann etwas mehr<br \/>\nals ein Eintausendstel Sekunden Zeit hat, um in einem christlichen Haushalt mit einem braven Kind<br \/>\nanzuhalten, von seinem Schlitten abzusteigen, durch Schornstein ins Haus zu klettern, die Socken oder<br \/>\nStiefel zu f\u00fcllen, die Geschenke unter den Weihnachtsbaum zu legen, alle Speisen aufzuessen, die f\u00fcr ihn<br \/>\nhinterlassen wurden, wieder durch den Kamin ins Freie zu klettern, auf dem Schlitten aufzusitzen und zum<br \/>\nn\u00e4chsten Haus zu reisen. Gehen wir davon aus, dass alle zu besuchenden 91,8 Millionen Haushalte gleich<br \/>\nweit voneinander entfernt sind (was &#8211; wie wir wissen &#8211; nat\u00fcrlich falsch ist; aber wir wollen es f\u00fcr diese<br \/>\nRechnung einfach einmal annehmen), und legen die durchschnittliche Entfernung auf knapp 1,25 Kilometer<br \/>\nfest (auf die Fl\u00e4che der besuchten L\u00e4nder angerechnet), so ergibt sich eine Reisestrecke von rund 120<br \/>\nMillionen Kilometer, wobei wir mal Zwischenstopps f\u00fcr gewisse Gesch\u00e4fte au\u00dfer acht lassen wollen, die jeder<br \/>\nvon uns in 31 Stunden wenigstens einmal erledigen muss. Das bedeutet nun wiederum, dass sich der<br \/>\nSchlitten des Weihnachtsmannes mit 1.046 Kilometer pro Sekunde fortbewegt, was etwa der 3.000fachen<br \/>\nGeschwindigkeit des Schalls entspricht. Nur zum Vergleich: das schnellste von Menschen gebaute<br \/>\nFortbewegungsmittel, die Ulysses Raumsonde, bewegt sich mit der winzigen Geschwindigkeit von 44<br \/>\nKilometern in der Sekunde voran. Ein normales Rentier kann &#8211; maximal &#8211; 25 Kilometer pro Stunde laufen.<\/p>\n<p>Das Gesamtgewicht des Schlittens ist ein weiteres interessantes Element in unserer Betrachtung. Gehen wir<br \/>\ndavon aus, dass jedes Kind nicht mehr bekommt als ein durchschnittliches Lego-Bauset von etwa 900<br \/>\nGramm Gewicht, so muss der Schlitten etwa 340.200 Tonnen Belastung aushalten, nicht eingerechnet den<br \/>\nWeihnachtsmann selbst, der ja immer wieder als stark \u00fcbergewichtig beschrieben wird &#8211; wie soll er auch<br \/>\nanders, ber\u00fccksichtigt man die vielen S\u00fc\u00dfigkeiten, die er unterwegs essen muss. Auf dem Land kann ein<br \/>\nnormales Rentier nicht mehr als 135 Kilogramm ziehen. Selbst wenn wir unterstellen, dass ein \u201efliegendes<br \/>\nRentier&#8220; (siehe Punkt 1) das zehnfache der herk\u00f6mmlichen Belastung aushielte, k\u00f6nnten diese Arbeit nicht<br \/>\nacht oder neun Tiere verrichten. Wir br\u00e4uchten so in etwa 252.000 fliegende Rentiere. Das erh\u00f6ht aber das<br \/>\nGesamtgewicht (das Eigengewicht des Schlittens selbst nicht mit eingerechnet) auf rund 374.220 Tonnen.<br \/>\nWieder zum Vergleich: das ist mehr als viermal das Gewicht des Luxusliners \u201eQueen Elizabeth&#8220;.<\/p>\n<p>Bewegen sich 374.220 Tonnen mit einer Geschwindigkeit von 1.046 Kilometern pro Sekunde, so erzeug dies<br \/>\neinen enormen Luftwiderstand. Dieser w\u00fcrde die Rentiere auf die gleiche Art und Weise aufheizen, wie dies<br \/>\nbei einem Raumschiff geschieht, das wieder in die Erdatmosph\u00e4re eintritt. Das erste Rentierpaar am Schlitten<br \/>\nabsorbierte jeweils etwa 14,3 Quintillionen Joule Energie pro Sekunde. Innerhalb k\u00fcrzester Zeit w\u00fcrden sie in<br \/>\nFlammen aufgehen und auf der Stelle explodieren, das nachfolgende Tierpaar der gleichen Belastung<br \/>\naussetzend und einen ohrenbet\u00e4ubenden \u00dcberschallknall zur\u00fccklassend. Das gesamte Rentier-Gespann<br \/>\nw\u00e4re innerhalb 4,26 Eintausendstel Sekunden verdampft. W\u00e4hrenddessen w\u00e4re der Weihnachtsmann<br \/>\nZentrifugalkr\u00e4ften ausgesetzt, die rund 17.500 Mal h\u00f6her w\u00e4ren als die normale Erdanziehungskraft. Ein 135<br \/>\nKilogramm schwerer Weihnachtsmann (was l\u00e4cherlich d\u00fcnn w\u00e4re) w\u00fcrde mit einer Kraft von ca. 1.957.290<br \/>\nKilogramm auf den Boden seines Schlittens gedr\u00fcckt werden.<br \/>\nAls Ergebnis kann man sagen:<\/p>\n<h2><strong>Sollte der Weihnachtsmann jemals am Weihnachtsabend Geschenke verteilt<\/strong><br \/>\n<strong>haben, ist er nun tot.<\/strong><\/h2>\n","protected":false},"excerpt":{"rendered":"<p>Man braucht nur einen Physiker, um die Legende vom Weihnachtsmanns zu zerst\u00f6ren: Keine bekannte Art von Rentieren kann fliegen. Zugleich geht man aber davon aus, dass es noch etwa 300.000 Spezies lebender Organismen gibt, die noch darauf warten, klassifiziert zu werden; und obwohl die meisten dieser Spezies Insekten oder Keime sind, schlie\u00dft das nicht vollst\u00e4ndig [&hellip;]<\/p>\n","protected":false},"author":1,"featured_media":0,"parent":0,"menu_order":0,"comment_status":"closed","ping_status":"closed","template":"","meta":{"footnotes":""},"class_list":["post-438","page","type-page","status-publish","hentry"],"jetpack_sharing_enabled":true,"_links":{"self":[{"href":"https:\/\/pings24.de\/ptm\/wp-json\/wp\/v2\/pages\/438","targetHints":{"allow":["GET"]}}],"collection":[{"href":"https:\/\/pings24.de\/ptm\/wp-json\/wp\/v2\/pages"}],"about":[{"href":"https:\/\/pings24.de\/ptm\/wp-json\/wp\/v2\/types\/page"}],"author":[{"embeddable":true,"href":"https:\/\/pings24.de\/ptm\/wp-json\/wp\/v2\/users\/1"}],"replies":[{"embeddable":true,"href":"https:\/\/pings24.de\/ptm\/wp-json\/wp\/v2\/comments?post=438"}],"version-history":[{"count":9,"href":"https:\/\/pings24.de\/ptm\/wp-json\/wp\/v2\/pages\/438\/revisions"}],"predecessor-version":[{"id":452,"href":"https:\/\/pings24.de\/ptm\/wp-json\/wp\/v2\/pages\/438\/revisions\/452"}],"wp:attachment":[{"href":"https:\/\/pings24.de\/ptm\/wp-json\/wp\/v2\/media?parent=438"}],"curies":[{"name":"wp","href":"https:\/\/api.w.org\/{rel}","templated":true}]}}