{"id":337,"date":"2025-11-27T19:02:10","date_gmt":"2025-11-27T18:02:10","guid":{"rendered":"https:\/\/pings24.de\/ptm\/?page_id=337"},"modified":"2025-11-27T19:33:26","modified_gmt":"2025-11-27T18:33:26","slug":"tobias-r-vanhroth","status":"publish","type":"page","link":"https:\/\/pings24.de\/ptm\/tobias-r-vanhroth\/","title":{"rendered":"Tobias R. (Vanhroth)"},"content":{"rendered":"<p><img loading=\"lazy\" decoding=\"async\" class=\"size-full wp-image-23 aligncenter\" src=\"https:\/\/pings24.de\/ptm\/wp-content\/uploads\/2025\/11\/66947.jpg\" alt=\"\" width=\"450\" height=\"120\" srcset=\"https:\/\/pings24.de\/ptm\/wp-content\/uploads\/2025\/11\/66947.jpg 450w, https:\/\/pings24.de\/ptm\/wp-content\/uploads\/2025\/11\/66947-300x80.jpg 300w\" sizes=\"auto, (max-width: 450px) 100vw, 450px\" \/><\/p>\n<p>Liebe Mitspieler,<\/p>\n<p>heute schreibe ich einen Artikel aus einem sehr traurigen Grund.<\/p>\n<p>Nach vielen erfolglosen Versuchen unseren Freund und Kollegen Tobias\/Steeltec #159863 zu erreichen haben Daniel\/Kuschel, Jan\/Pluto und ich uns entschieden einen letzten Versuch zu starten und Ihn per Post zu erreichen.<\/p>\n<p>Am heutigen Tag erhielt ich eine Antwort auf meinen Brief.<\/p>\n<p>Leider verfasst von seiner Mutter!<\/p>\n<p>Sie hat uns mitgeteilt das Ihr Sohn am 04.12. von uns ging :((((<\/p>\n<p>Au\u00dferdem meint Sie das unsere Nachrichten wohl ankamen und ich soll sinngem\u00e4\u00df: &#8222;alle AGS Spieler gr\u00fc\u00dfen&#8220;.<\/p>\n<p>Wir als seine Freunde, Kollegen und Mitspieler sind tief best\u00fcrzt und hatten NAT\u00dcRLICH auf eine andere Antwort gehofft.<\/p>\n<p>Es klingt wie eine Floskel, aber er bleibt in unseren Herzen und hoffentlich auch in euren.<\/p>\n<p>Spontan wei\u00df ich nicht was ich weiter schreiben kann\u2026<\/p>\n<p>Au\u00dfer<\/p>\n<h2 style=\"text-align: center;\"><strong>DANKE TOBI!<\/strong><\/h2>\n<p>F\u00fcr die gemeinsame Zeit die wir miteinander verbringen durften hier, im Discord oder privaten Gespr\u00e4chen. Du warst immer f\u00fcr einen Spa\u00df zu haben und auch ein guter Zuh\u00f6rer, wenn man mal ein offenes Ohr brauchte und stets f\u00fcr andere da.<\/p>\n<p>Du wirst mir und sicher vielen anderen sehr fehlen mein Freund!<\/p>\n<p>Gr\u00fc\u00dfe<\/p>\n<p>Philipp<\/p>\n<p><img loading=\"lazy\" decoding=\"async\" class=\"size-full wp-image-30 aligncenter\" src=\"https:\/\/pings24.de\/ptm\/wp-content\/uploads\/2025\/11\/rip_tobi.png\" alt=\"\" width=\"450\" height=\"120\" srcset=\"https:\/\/pings24.de\/ptm\/wp-content\/uploads\/2025\/11\/rip_tobi.png 450w, https:\/\/pings24.de\/ptm\/wp-content\/uploads\/2025\/11\/rip_tobi-300x80.png 300w\" sizes=\"auto, (max-width: 450px) 100vw, 450px\" \/><\/p>\n<hr \/>\n<p><img loading=\"lazy\" decoding=\"async\" class=\" wp-image-25 aligncenter\" src=\"https:\/\/pings24.de\/ptm\/wp-content\/uploads\/2025\/11\/Kommentar1.png\" alt=\"\" width=\"702\" height=\"1512\" srcset=\"https:\/\/pings24.de\/ptm\/wp-content\/uploads\/2025\/11\/Kommentar1.png 836w, https:\/\/pings24.de\/ptm\/wp-content\/uploads\/2025\/11\/Kommentar1-139x300.png 139w, https:\/\/pings24.de\/ptm\/wp-content\/uploads\/2025\/11\/Kommentar1-475x1024.png 475w, https:\/\/pings24.de\/ptm\/wp-content\/uploads\/2025\/11\/Kommentar1-768x1655.png 768w, https:\/\/pings24.de\/ptm\/wp-content\/uploads\/2025\/11\/Kommentar1-713x1536.png 713w\" sizes=\"auto, (max-width: 702px) 100vw, 702px\" \/><img loading=\"lazy\" decoding=\"async\" class=\" wp-image-26 aligncenter\" src=\"https:\/\/pings24.de\/ptm\/wp-content\/uploads\/2025\/11\/Kommentar2.png\" alt=\"\" width=\"702\" height=\"1489\" srcset=\"https:\/\/pings24.de\/ptm\/wp-content\/uploads\/2025\/11\/Kommentar2.png 830w, https:\/\/pings24.de\/ptm\/wp-content\/uploads\/2025\/11\/Kommentar2-141x300.png 141w, https:\/\/pings24.de\/ptm\/wp-content\/uploads\/2025\/11\/Kommentar2-483x1024.png 483w, https:\/\/pings24.de\/ptm\/wp-content\/uploads\/2025\/11\/Kommentar2-768x1629.png 768w, https:\/\/pings24.de\/ptm\/wp-content\/uploads\/2025\/11\/Kommentar2-724x1536.png 724w\" sizes=\"auto, (max-width: 702px) 100vw, 702px\" \/><img loading=\"lazy\" decoding=\"async\" class=\" wp-image-27 aligncenter\" src=\"https:\/\/pings24.de\/ptm\/wp-content\/uploads\/2025\/11\/Kommentar3.png\" alt=\"\" width=\"702\" height=\"1467\" srcset=\"https:\/\/pings24.de\/ptm\/wp-content\/uploads\/2025\/11\/Kommentar3.png 833w, https:\/\/pings24.de\/ptm\/wp-content\/uploads\/2025\/11\/Kommentar3-144x300.png 144w, https:\/\/pings24.de\/ptm\/wp-content\/uploads\/2025\/11\/Kommentar3-490x1024.png 490w, https:\/\/pings24.de\/ptm\/wp-content\/uploads\/2025\/11\/Kommentar3-768x1604.png 768w, https:\/\/pings24.de\/ptm\/wp-content\/uploads\/2025\/11\/Kommentar3-735x1536.png 735w\" sizes=\"auto, (max-width: 702px) 100vw, 702px\" \/><img loading=\"lazy\" decoding=\"async\" class=\" wp-image-28 aligncenter\" src=\"https:\/\/pings24.de\/ptm\/wp-content\/uploads\/2025\/11\/Kommentar4.png\" alt=\"\" width=\"702\" height=\"1525\" srcset=\"https:\/\/pings24.de\/ptm\/wp-content\/uploads\/2025\/11\/Kommentar4.png 832w, https:\/\/pings24.de\/ptm\/wp-content\/uploads\/2025\/11\/Kommentar4-138x300.png 138w, https:\/\/pings24.de\/ptm\/wp-content\/uploads\/2025\/11\/Kommentar4-471x1024.png 471w, https:\/\/pings24.de\/ptm\/wp-content\/uploads\/2025\/11\/Kommentar4-768x1669.png 768w, https:\/\/pings24.de\/ptm\/wp-content\/uploads\/2025\/11\/Kommentar4-707x1536.png 707w\" sizes=\"auto, (max-width: 702px) 100vw, 702px\" \/><img loading=\"lazy\" decoding=\"async\" class=\" wp-image-29 aligncenter\" src=\"https:\/\/pings24.de\/ptm\/wp-content\/uploads\/2025\/11\/Kommentar5.png\" alt=\"\" width=\"702\" height=\"538\" srcset=\"https:\/\/pings24.de\/ptm\/wp-content\/uploads\/2025\/11\/Kommentar5.png 825w, https:\/\/pings24.de\/ptm\/wp-content\/uploads\/2025\/11\/Kommentar5-300x230.png 300w, https:\/\/pings24.de\/ptm\/wp-content\/uploads\/2025\/11\/Kommentar5-768x588.png 768w\" sizes=\"auto, (max-width: 702px) 100vw, 702px\" \/><\/p>\n","protected":false},"excerpt":{"rendered":"<p>Liebe Mitspieler, heute schreibe ich einen Artikel aus einem sehr traurigen Grund. Nach vielen erfolglosen Versuchen unseren Freund und Kollegen Tobias\/Steeltec #159863 zu erreichen haben Daniel\/Kuschel, Jan\/Pluto und ich uns entschieden einen letzten Versuch zu starten und Ihn per Post zu erreichen. Am heutigen Tag erhielt ich eine Antwort auf meinen Brief. Leider verfasst von [&hellip;]<\/p>\n","protected":false},"author":1,"featured_media":0,"parent":0,"menu_order":0,"comment_status":"closed","ping_status":"closed","template":"","meta":{"footnotes":""},"class_list":["post-337","page","type-page","status-publish","hentry"],"jetpack_sharing_enabled":true,"_links":{"self":[{"href":"https:\/\/pings24.de\/ptm\/wp-json\/wp\/v2\/pages\/337","targetHints":{"allow":["GET"]}}],"collection":[{"href":"https:\/\/pings24.de\/ptm\/wp-json\/wp\/v2\/pages"}],"about":[{"href":"https:\/\/pings24.de\/ptm\/wp-json\/wp\/v2\/types\/page"}],"author":[{"embeddable":true,"href":"https:\/\/pings24.de\/ptm\/wp-json\/wp\/v2\/users\/1"}],"replies":[{"embeddable":true,"href":"https:\/\/pings24.de\/ptm\/wp-json\/wp\/v2\/comments?post=337"}],"version-history":[{"count":6,"href":"https:\/\/pings24.de\/ptm\/wp-json\/wp\/v2\/pages\/337\/revisions"}],"predecessor-version":[{"id":346,"href":"https:\/\/pings24.de\/ptm\/wp-json\/wp\/v2\/pages\/337\/revisions\/346"}],"wp:attachment":[{"href":"https:\/\/pings24.de\/ptm\/wp-json\/wp\/v2\/media?parent=337"}],"curies":[{"name":"wp","href":"https:\/\/api.w.org\/{rel}","templated":true}]}}