{"id":180,"date":"2025-11-15T19:24:12","date_gmt":"2025-11-15T18:24:12","guid":{"rendered":"https:\/\/pings24.de\/ptm\/?page_id=180"},"modified":"2026-01-22T17:08:57","modified_gmt":"2026-01-22T16:08:57","slug":"about-us","status":"publish","type":"page","link":"https:\/\/pings24.de\/ptm\/about-us\/","title":{"rendered":"About us"},"content":{"rendered":"<p>-English version below-<\/p>\n<p>&nbsp;<\/p>\n<p>Ja was soll ich sagen? Ob das hier wen interessiert?<\/p>\n<p>Naja gut dann los\u2026<\/p>\n<p>Ich der Philipp, komme aus Deutschland, genauer gesagt dem sch\u00f6nen <a href=\"https:\/\/maps.app.goo.gl\/oaWhib8yYzCbMa8T8\">Aalen<\/a> und wohne mittlerweile in \u00d6sterreich in der Gegend um Wien herum, dem ebenso sch\u00f6nen <a href=\"https:\/\/maps.app.goo.gl\/aNYs94EwttTKLtCUA\">Altenberg<\/a> \u2013 mitten im nichts^^<\/p>\n<p>Geboren wurde ich im April 1988 und ganz wichtig, ich bin ein voller Nachtmensch \ud83d\ude00<\/p>\n<p>Weiter reise ich gerne, verschicke gerne Postkarten, fahre gerne <a href=\"https:\/\/www.youtube.com\/watch?v=3zXDFGzR5sE\">Geisterbahn<\/a> (gr\u00fc\u00dfe an den Arki an der Stelle) und mag Z\u00fcge \ud83d\ude00 habe einen <a href=\"https:\/\/open.spotify.com\/playlist\/6zLqSOVF4jBZ20L2kKRjGJ?si=48994933f0f14726\">undefinierbaren Musikgeschmack<\/a>, gehe gerne einkaufen (vorzugsweise bei einem amerikanischen Versandhandel), hab Blubberwasser sehr gerne wie viele wissen, bin aber auch Kaffee gegen\u00fcber nicht abgeneigt\u2026 Mich gibt\u2019s nicht ohne Handy und ich bin Raucher (wenn das wen juckt) und brauche eher Fleisch statt Gem\u00fcse \ud83d\ude00<\/p>\n<p>Tja und ich sitze gerne am Rechner und schaffe Chaos in der Dateiverwaltung, \u00e4rgere mich \u00fcber das neue WP oder <strong>spiele eben gern<\/strong> \u2013 darum auch diese Webseite \u00fcberhaupt.<br \/>\nIn den Spielen oder auch twitch halte ich gerne Kontakt mit den Leuten und unterhalte mich auch gerne au\u00dferhalb\/privat mit Ihnen.<\/p>\n<p>JA (kein Geheimnis) haltet mich besser aus der K\u00fcche raus, es besteht die M\u00f6glichkeit, dass man den Katastrophenschutz im Anschluss braucht \ud83d\ude1b Hab\u2019s auch nicht so mit Garten und Pflanzen, so nach dem Motto, hat der Baum Nadeln ist es eine Tanne, leuchtet die Tanne ist es ein Weihnachtsbaum\u2026<\/p>\n<p>Wo und wie man mich findet kommt sp\u00e4ter noch auf einer anderen Seite \ud83d\ude09<\/p>\n<p>Nun die Frage: Sonst noch was? Na fragt doch einfach, entweder kommt eine Antwort oder eben nicht, lasse ich Euch dann aber wissen.<\/p>\n<hr \/>\n<p>Well, what can I say? Does anyone even care?<br \/>\n&#8230; Okay, so here goes\u2026<\/p>\n<p>I&#8217;m Philipp, from Germany, more precisely from the beautiful town of <a href=\"https:\/\/maps.app.goo.gl\/oaWhib8yYzCbMa8T8\" target=\"_blank\" rel=\"noopener\">Aalen<\/a>, and now I live in Austria, near Vienna, in the equally beautiful town of <a href=\"https:\/\/maps.app.goo.gl\/aNYs94EwttTKLtCUA\" target=\"_blank\" rel=\"noopener\">Altenberg<\/a> \u2013 practically in the middle of nowhere^^<\/p>\n<p>I was born in April 1988, and most importantly, I&#8217;m a total night owl \ud83d\ude00<\/p>\n<p>I also love to travel, send postcards, ride <a href=\"https:\/\/www.youtube.com\/watch?v=3zXDFGzR5sE\" target=\"_blank\" rel=\"noopener\">ghost trains<\/a> (shout-out to Arki here), and like trains \ud83d\ude00 I have an <a href=\"https:\/\/open.spotify.com\/playlist\/6zLqSOVF4jBZ20L2kKRjGJ?si=48994933f0f14726\" target=\"_blank\" rel=\"noopener\">undefinable taste in music<\/a>, enjoy shopping (preferably at an American mail-order company), love sparkling water, as many of you know, but I&#8217;m also not averse to coffee\u2026 I&#8217;m always by my phone, and I&#8217;m a smoker (if that bothers anyone) and prefer meat to vegetables \ud83d\ude00<\/p>\n<p>And I like to sit at my computer and create chaos with my file management, get annoyed by the new WordPress, or just play games \u2013 which is why this website exists in the first place.<\/p>\n<p>In games or on Twitch, I enjoy staying in touch with people and chatting with them outside of the game world.<\/p>\n<p>YES (no secret), you&#8217;d better keep me out of the kitchen; there&#8217;s a chance you might need emergency services afterward \ud83d\ude1b I&#8217;m not much of a gardener or anything like that. It&#8217;s more like, &#8222;If a tree has needles, it&#8217;s a fir; if it lights up, it&#8217;s a Christmas tree&#8230;&#8220;<\/p>\n<p>Where and how to find me will be explained later on another page \ud83d\ude09<\/p>\n<p>Now the question: Anything else? Just ask! Either I will reply, or I won&#8217;t, but I&#8217;ll let you know.<\/p>\n<p><img loading=\"lazy\" decoding=\"async\" class=\"alignnone size-full wp-image-409\" src=\"https:\/\/pings24.de\/ptm\/wp-content\/uploads\/2025\/12\/Discord-Recap25.png\" alt=\"\" width=\"563\" height=\"236\" srcset=\"https:\/\/pings24.de\/ptm\/wp-content\/uploads\/2025\/12\/Discord-Recap25.png 563w, https:\/\/pings24.de\/ptm\/wp-content\/uploads\/2025\/12\/Discord-Recap25-300x126.png 300w\" sizes=\"auto, (max-width: 563px) 100vw, 563px\" \/><\/p>\n<p>&nbsp;<\/p>\n","protected":false},"excerpt":{"rendered":"<p>-English version below- &nbsp; Ja was soll ich sagen? Ob das hier wen interessiert? Naja gut dann los\u2026 Ich der Philipp, komme aus Deutschland, genauer gesagt dem sch\u00f6nen Aalen und wohne mittlerweile in \u00d6sterreich in der Gegend um Wien herum, dem ebenso sch\u00f6nen Altenberg \u2013 mitten im nichts^^ Geboren wurde ich im April 1988 und [&hellip;]<\/p>\n","protected":false},"author":1,"featured_media":0,"parent":0,"menu_order":0,"comment_status":"closed","ping_status":"closed","template":"","meta":{"footnotes":""},"class_list":["post-180","page","type-page","status-publish","hentry"],"jetpack_sharing_enabled":true,"_links":{"self":[{"href":"https:\/\/pings24.de\/ptm\/wp-json\/wp\/v2\/pages\/180","targetHints":{"allow":["GET"]}}],"collection":[{"href":"https:\/\/pings24.de\/ptm\/wp-json\/wp\/v2\/pages"}],"about":[{"href":"https:\/\/pings24.de\/ptm\/wp-json\/wp\/v2\/types\/page"}],"author":[{"embeddable":true,"href":"https:\/\/pings24.de\/ptm\/wp-json\/wp\/v2\/users\/1"}],"replies":[{"embeddable":true,"href":"https:\/\/pings24.de\/ptm\/wp-json\/wp\/v2\/comments?post=180"}],"version-history":[{"count":13,"href":"https:\/\/pings24.de\/ptm\/wp-json\/wp\/v2\/pages\/180\/revisions"}],"predecessor-version":[{"id":512,"href":"https:\/\/pings24.de\/ptm\/wp-json\/wp\/v2\/pages\/180\/revisions\/512"}],"wp:attachment":[{"href":"https:\/\/pings24.de\/ptm\/wp-json\/wp\/v2\/media?parent=180"}],"curies":[{"name":"wp","href":"https:\/\/api.w.org\/{rel}","templated":true}]}}